{"id":60345,"date":"2017-07-28T15:08:50","date_gmt":"2017-07-28T13:08:50","guid":{"rendered":"https:\/\/arnoldi-international.com\/?page_id=60345"},"modified":"2017-07-28T15:08:50","modified_gmt":"2017-07-28T13:08:50","slug":"impressum","status":"publish","type":"page","link":"https:\/\/arnoldi-international.com\/en\/impressum\/","title":{"rendered":"Impressum"},"content":{"rendered":"<p><\/p>\n<h1>Impressum<\/h1>\n<p>Arnoldi International e.K.<br \/>\nInh. Ren\u00e9 Arnoldi<br \/>\nTiefensteiner Stra\u00dfe 379<br \/>\n55743 Idar-Oberstein<br \/>\nGermany<br \/>\nTel: +49 (0) 6781 \/ 4 58 52 58<br \/>\nFax: +49 (0) 6781 \/ 4 58 52 55<\/p>\n<p>E-Mail: info@arnoldi-international.com<\/p>\n<p>Handelsregister:\u00a0Bad Kreuznach\u00a0 HRA 20901<br \/>\nAmtsgericht Bad Kreuznach<br \/>\nUSt.IdNr.:\u00a0DE312102509<\/p>\n<p>Bei dem Inhalt unserer Internetseiten handelt es sich um urheberrechtlich gesch\u00fctzte Werke.<\/p>\n<p>Arnoldi International e.K: gestattet keine \u00dcbernahme von Texten oder Fotos in Datenbest\u00e4nde ohne schriftliche Zustimmung der Firma.<\/p>\n<p>Im Rahmen dieser Internetpr\u00e4senz werden auch Links zu Internetinhalten anderer Anbieter bereitgestellt. Auf den Inhalt dieser Seiten haben wir keinen Einfluss; f\u00fcr den Inhalt ist ausschlie\u00dflich der Betreiber der anderen Website verantwortlich. Trotz der \u00dcberpr\u00fcfung der Inhalte im gesetzlich gebotenen Rahmen m\u00fcssen wir daher jede Verantwortung f\u00fcr den Inhalt dieser Links bzw. der verlinkten Seite ablehnen.<\/p>","protected":false},"excerpt":{"rendered":"<p>Impressum Arnoldi International e.K. Inh. Ren\u00e9 Arnoldi Tiefensteiner Stra\u00dfe 379 55743 Idar-Oberstein Germany Tel: +49 (0) 6781 \/ 4 58 52 58 Fax: +49 (0) 6781 \/ 4 58 52 55 E-Mail: info@arnoldi-international.com Handelsregister:\u00a0Bad Kreuznach\u00a0 HRA 20901 Amtsgericht Bad Kreuznach USt.IdNr.:\u00a0DE312102509 Bei dem Inhalt unserer Internetseiten handelt es sich um urheberrechtlich gesch\u00fctzte Werke. Arnoldi International&hellip;<\/p>\n","protected":false},"author":1,"featured_media":0,"parent":0,"menu_order":0,"comment_status":"closed","ping_status":"closed","template":"","meta":{"footnotes":""},"class_list":["post-60345","page","type-page","status-publish","hentry","description-off"],"yoast_head":"<!-- This site is optimized with the Yoast SEO plugin v18.0 - https:\/\/yoast.com\/wordpress\/plugins\/seo\/ -->\n<title>Impressum - Arnoldi International<\/title>\n<meta name=\"robots\" content=\"index, follow, max-snippet:-1, max-image-preview:large, max-video-preview:-1\" \/>\n<link rel=\"canonical\" href=\"https:\/\/arnoldi-international.com\/impressum\/\" \/>\n<meta property=\"og:locale\" content=\"en_US\" \/>\n<meta property=\"og:type\" content=\"article\" \/>\n<meta property=\"og:title\" content=\"Impressum - Arnoldi International\" \/>\n<meta property=\"og:description\" content=\"Impressum Arnoldi International e.K. Inh. Ren\u00e9 Arnoldi Tiefensteiner Stra\u00dfe 379 55743 Idar-Oberstein Germany Tel: +49 (0) 6781 \/ 4 58 52 58 Fax: +49 (0) 6781 \/ 4 58 52 55 E-Mail: info@arnoldi-international.com Handelsregister:\u00a0Bad Kreuznach\u00a0 HRA 20901 Amtsgericht Bad Kreuznach USt.IdNr.:\u00a0DE312102509 Bei dem Inhalt unserer Internetseiten handelt es sich um urheberrechtlich gesch\u00fctzte Werke. Arnoldi International&hellip;\" \/>\n<meta property=\"og:url\" content=\"https:\/\/arnoldi-international.com\/impressum\/\" \/>\n<meta property=\"og:site_name\" content=\"Arnoldi International\" \/>\n<meta name=\"twitter:card\" content=\"summary_large_image\" \/>\n<meta name=\"twitter:label1\" content=\"Est. reading time\" \/>\n\t<meta name=\"twitter:data1\" content=\"1 minute\" \/>\n<script type=\"application\/ld+json\" class=\"yoast-schema-graph\">{\"@context\":\"https:\/\/schema.org\",\"@graph\":[{\"@type\":\"WebSite\",\"@id\":\"https:\/\/arnoldi-international.com\/#website\",\"url\":\"https:\/\/arnoldi-international.com\/\",\"name\":\"Arnoldi International\",\"description\":\"\",\"potentialAction\":[{\"@type\":\"SearchAction\",\"target\":{\"@type\":\"EntryPoint\",\"urlTemplate\":\"https:\/\/arnoldi-international.com\/?s={search_term_string}\"},\"query-input\":\"required name=search_term_string\"}],\"inLanguage\":\"en-US\"},{\"@type\":\"WebPage\",\"@id\":\"https:\/\/arnoldi-international.com\/impressum\/#webpage\",\"url\":\"https:\/\/arnoldi-international.com\/impressum\/\",\"name\":\"Impressum - Arnoldi International\",\"isPartOf\":{\"@id\":\"https:\/\/arnoldi-international.com\/#website\"},\"datePublished\":\"2017-07-28T13:08:50+00:00\",\"dateModified\":\"2017-07-28T13:08:50+00:00\",\"breadcrumb\":{\"@id\":\"https:\/\/arnoldi-international.com\/impressum\/#breadcrumb\"},\"inLanguage\":\"en-US\",\"potentialAction\":[{\"@type\":\"ReadAction\",\"target\":[\"https:\/\/arnoldi-international.com\/impressum\/\"]}]},{\"@type\":\"BreadcrumbList\",\"@id\":\"https:\/\/arnoldi-international.com\/impressum\/#breadcrumb\",\"itemListElement\":[{\"@type\":\"ListItem\",\"position\":1,\"name\":\"Home\",\"item\":\"https:\/\/arnoldi-international.com\/\"},{\"@type\":\"ListItem\",\"position\":2,\"name\":\"Impressum\"}]}]}<\/script>\n<!-- \/ Yoast SEO plugin. -->","yoast_head_json":{"title":"Impressum - Arnoldi International","robots":{"index":"index","follow":"follow","max-snippet":"max-snippet:-1","max-image-preview":"max-image-preview:large","max-video-preview":"max-video-preview:-1"},"canonical":"https:\/\/arnoldi-international.com\/impressum\/","og_locale":"en_US","og_type":"article","og_title":"Impressum - Arnoldi International","og_description":"Impressum Arnoldi International e.K. Inh. Ren\u00e9 Arnoldi Tiefensteiner Stra\u00dfe 379 55743 Idar-Oberstein Germany Tel: +49 (0) 6781 \/ 4 58 52 58 Fax: +49 (0) 6781 \/ 4 58 52 55 E-Mail: info@arnoldi-international.com Handelsregister:\u00a0Bad Kreuznach\u00a0 HRA 20901 Amtsgericht Bad Kreuznach USt.IdNr.:\u00a0DE312102509 Bei dem Inhalt unserer Internetseiten handelt es sich um urheberrechtlich gesch\u00fctzte Werke. Arnoldi International&hellip;","og_url":"https:\/\/arnoldi-international.com\/impressum\/","og_site_name":"Arnoldi International","twitter_card":"summary_large_image","twitter_misc":{"Est. reading time":"1 minute"},"schema":{"@context":"https:\/\/schema.org","@graph":[{"@type":"WebSite","@id":"https:\/\/arnoldi-international.com\/#website","url":"https:\/\/arnoldi-international.com\/","name":"Arnoldi International","description":"","potentialAction":[{"@type":"SearchAction","target":{"@type":"EntryPoint","urlTemplate":"https:\/\/arnoldi-international.com\/?s={search_term_string}"},"query-input":"required name=search_term_string"}],"inLanguage":"en-US"},{"@type":"WebPage","@id":"https:\/\/arnoldi-international.com\/impressum\/#webpage","url":"https:\/\/arnoldi-international.com\/impressum\/","name":"Impressum - Arnoldi International","isPartOf":{"@id":"https:\/\/arnoldi-international.com\/#website"},"datePublished":"2017-07-28T13:08:50+00:00","dateModified":"2017-07-28T13:08:50+00:00","breadcrumb":{"@id":"https:\/\/arnoldi-international.com\/impressum\/#breadcrumb"},"inLanguage":"en-US","potentialAction":[{"@type":"ReadAction","target":["https:\/\/arnoldi-international.com\/impressum\/"]}]},{"@type":"BreadcrumbList","@id":"https:\/\/arnoldi-international.com\/impressum\/#breadcrumb","itemListElement":[{"@type":"ListItem","position":1,"name":"Home","item":"https:\/\/arnoldi-international.com\/"},{"@type":"ListItem","position":2,"name":"Impressum"}]}]}},"_links":{"self":[{"href":"https:\/\/arnoldi-international.com\/en\/wp-json\/wp\/v2\/pages\/60345","targetHints":{"allow":["GET"]}}],"collection":[{"href":"https:\/\/arnoldi-international.com\/en\/wp-json\/wp\/v2\/pages"}],"about":[{"href":"https:\/\/arnoldi-international.com\/en\/wp-json\/wp\/v2\/types\/page"}],"author":[{"embeddable":true,"href":"https:\/\/arnoldi-international.com\/en\/wp-json\/wp\/v2\/users\/1"}],"replies":[{"embeddable":true,"href":"https:\/\/arnoldi-international.com\/en\/wp-json\/wp\/v2\/comments?post=60345"}],"version-history":[{"count":0,"href":"https:\/\/arnoldi-international.com\/en\/wp-json\/wp\/v2\/pages\/60345\/revisions"}],"wp:attachment":[{"href":"https:\/\/arnoldi-international.com\/en\/wp-json\/wp\/v2\/media?parent=60345"}],"curies":[{"name":"wp","href":"https:\/\/api.w.org\/{rel}","templated":true}]}}